{"id":39,"date":"2016-08-10T08:47:50","date_gmt":"2016-08-10T12:47:50","guid":{"rendered":"http:\/\/vermitek.ca\/?page_id=39&#038;lang=fr"},"modified":"2026-04-10T15:26:17","modified_gmt":"2026-04-10T19:26:17","slug":"accueil","status":"publish","type":"page","link":"https:\/\/vermitek.ca\/fr\/","title":{"rendered":"Accueil"},"content":{"rendered":"<h2>Vermitek \u2013 Lutte antiparasitaire et contr\u00f4le des animaux nuisibles : <span style=\"color: #7fa240;\" data-darkreader-inline-color=\"\">Des services d\u2019extermination de qualit\u00e9 \u00e0 Ottawa et Gatineau<br \/>\n<\/span><\/h2>\n<h3>Chez Vermitek, nous sommes les sp\u00e9cialistes de l\u2019extermination<\/h3>\n<p>Nous offrons des services de lutte antiparasitaire et de contr\u00f4le des animaux nuisibles \u00e0 notre client\u00e8le r\u00e9sidentielle et commerciale dans la vall\u00e9e de l\u2019Outaouais et dans les r\u00e9gions avoisinantes des deux c\u00f4t\u00e9s de la rivi\u00e8re, en Ontario et au Qu\u00e9bec. Afin d\u2019\u00eatre l\u00e0 quand vous en avez besoin, nous sommes disponibles pour vous offrir des services de qualit\u00e9 24 heures sur 24 et 7 jours sur 7. Appelez-nous d\u00e8s maintenant au: <a href=\"tel:+16138995569\">613 899-5569<\/a><\/p>\n","protected":false},"excerpt":{"rendered":"<p>Vermitek \u2013 Lutte antiparasitaire et contr\u00f4le des animaux nuisibles : Des services d\u2019extermination de qualit\u00e9 \u00e0 Ottawa et Gatineau Chez Vermitek, nous sommes les sp\u00e9cialistes&hellip;<\/p>\n","protected":false},"author":1,"featured_media":0,"parent":0,"menu_order":0,"comment_status":"closed","ping_status":"closed","template":"template-home.php","meta":{"_acf_changed":false,"footnotes":""},"class_list":["post-39","page","type-page","status-publish","hentry"],"acf":[],"aioseo_notices":[],"_links":{"self":[{"href":"https:\/\/vermitek.ca\/fr\/wp-json\/wp\/v2\/pages\/39","targetHints":{"allow":["GET"]}}],"collection":[{"href":"https:\/\/vermitek.ca\/fr\/wp-json\/wp\/v2\/pages"}],"about":[{"href":"https:\/\/vermitek.ca\/fr\/wp-json\/wp\/v2\/types\/page"}],"author":[{"embeddable":true,"href":"https:\/\/vermitek.ca\/fr\/wp-json\/wp\/v2\/users\/1"}],"replies":[{"embeddable":true,"href":"https:\/\/vermitek.ca\/fr\/wp-json\/wp\/v2\/comments?post=39"}],"version-history":[{"count":1,"href":"https:\/\/vermitek.ca\/fr\/wp-json\/wp\/v2\/pages\/39\/revisions"}],"predecessor-version":[{"id":15921,"href":"https:\/\/vermitek.ca\/fr\/wp-json\/wp\/v2\/pages\/39\/revisions\/15921"}],"wp:attachment":[{"href":"https:\/\/vermitek.ca\/fr\/wp-json\/wp\/v2\/media?parent=39"}],"curies":[{"name":"wp","href":"https:\/\/api.w.org\/{rel}","templated":true}]}}